{"id":814,"date":"2023-05-25T21:43:55","date_gmt":"2023-05-25T21:43:55","guid":{"rendered":"https:\/\/finaccion.cl\/academia\/?post_type=product&#038;p=814"},"modified":"2023-11-13T11:51:36","modified_gmt":"2023-11-13T15:51:36","slug":"programa-basico-emprende-desde-cero","status":"publish","type":"product","link":"https:\/\/finaccion.cl\/academia\/product\/programa-basico-emprende-desde-cero\/","title":{"rendered":"Programa B\u00e1sico emprende desde cero"},"content":{"rendered":"<p>El Pack de 4 Cursos Emprende Desde Cero es el conjunto perfecto de cursos para impulsar el crecimiento y el \u00e9xito de tu emprendimiento desde el inicio. En este completo pack, abordaremos \u00e1reas esenciales como administraci\u00f3n, precios, costos y finanzas, brind\u00e1ndote los conocimientos y las herramientas necesarias para gestionar eficientemente tu negocio y tomar decisiones estrat\u00e9gicas.<\/p>\n<p><strong>En este pack, contar\u00e1s con cuatro cursos fundamentales:<\/strong><\/p>\n<ol>\n<li>Aprendamos de Costos<\/li>\n<li>Administraci\u00f3n de Negocios<\/li>\n<li>Separar las Finanzas Personales de las del Negocio<\/li>\n<li>Como Establecer tus Precios<\/li>\n<\/ol>\n<p><strong>Este pack de cursos est\u00e1 dise\u00f1ado para:<\/strong><\/p>\n<ul>\n<li>Emprendedores iniciales que desean establecer una base s\u00f3lida en \u00e1reas fundamentales como administraci\u00f3n, precios, costos y finanzas para gestionar su negocio desde el principio.<\/li>\n<li>Emprendedores que ya han iniciado su actividad empresarial y desean fortalecer sus conocimientos en estas \u00e1reas para mejorar la toma de decisiones y alcanzar resultados m\u00e1s s\u00f3lidos.<\/li>\n<li>Personas que desean emprender y desean contar con una base s\u00f3lida en administraci\u00f3n, precios, costos y finanzas para iniciar su negocio de manera adecuada y evitar problemas comunes en estas \u00e1reas.<\/li>\n<\/ul>\n<p>No importa tu nivel de experiencia o conocimientos previos, el Pack de 4 Cursos Emprende Desde Cero te brinda la oportunidad de adquirir los conocimientos esenciales y las habilidades pr\u00e1cticas necesarias para gestionar tu negocio de manera efectiva y alcanzar tus metas empresariales. \u00a1\u00danete a nosotros y construye una base s\u00f3lida para el \u00e9xito con el Pack de 4 Cursos Emprende Desde Cero!<\/p>\n","protected":false},"excerpt":{"rendered":"<p>Impulsa el crecimiento y el \u00e9xito de tu emprendimiento con el Pack Inicial. Este pack de cursos te brinda los conocimientos fundamentales en \u00e1reas clave como administraci\u00f3n, precios, costos y finanzas. Aprende a gestionar eficientemente tu negocio, establecer precios estrat\u00e9gicos, controlar costos y tomar decisiones financieras informadas. Obt\u00e9n las herramientas necesarias para impulsar tu emprendimiento desde el principio y alcanzar tus metas empresariales. \u00a1Emprende con confianza y construye una base s\u00f3lida para el \u00e9xito con el Pack Inicial!<\/p>\n","protected":false},"featured_media":886,"comment_status":"open","ping_status":"closed","template":"","meta":[],"product_cat":[59],"product_tag":[],"class_list":["post-814","product","type-product","status-publish","has-post-thumbnail","hentry","product_cat-programas"],"_links":{"self":[{"href":"https:\/\/finaccion.cl\/academia\/wp-json\/wp\/v2\/product\/814","targetHints":{"allow":["GET"]}}],"collection":[{"href":"https:\/\/finaccion.cl\/academia\/wp-json\/wp\/v2\/product"}],"about":[{"href":"https:\/\/finaccion.cl\/academia\/wp-json\/wp\/v2\/types\/product"}],"replies":[{"embeddable":true,"href":"https:\/\/finaccion.cl\/academia\/wp-json\/wp\/v2\/comments?post=814"}],"wp:featuredmedia":[{"embeddable":true,"href":"https:\/\/finaccion.cl\/academia\/wp-json\/wp\/v2\/media\/886"}],"wp:attachment":[{"href":"https:\/\/finaccion.cl\/academia\/wp-json\/wp\/v2\/media?parent=814"}],"wp:term":[{"taxonomy":"product_cat","embeddable":true,"href":"https:\/\/finaccion.cl\/academia\/wp-json\/wp\/v2\/product_cat?post=814"},{"taxonomy":"product_tag","embeddable":true,"href":"https:\/\/finaccion.cl\/academia\/wp-json\/wp\/v2\/product_tag?post=814"}],"curies":[{"name":"wp","href":"https:\/\/api.w.org\/{rel}","templated":true}]}}