{"id":765,"date":"2023-05-25T01:37:08","date_gmt":"2023-05-25T01:37:08","guid":{"rendered":"https:\/\/finaccion.cl\/academia\/?post_type=product&#038;p=765"},"modified":"2024-08-20T01:05:37","modified_gmt":"2024-08-20T05:05:37","slug":"admisntra-tu-negocio-facilmente","status":"publish","type":"product","link":"https:\/\/finaccion.cl\/academia\/product\/admisntra-tu-negocio-facilmente\/","title":{"rendered":"Administra tu negocio f\u00e1cilmente"},"content":{"rendered":"<p>Ad\u00e9ntrate en el fascinante mundo de la administraci\u00f3n de negocios con nuestro curso &#8220;Administraci\u00f3n de Negocios&#8221;. Este programa est\u00e1 dise\u00f1ado para ayudarte a entender y dominar las funciones fundamentales de la administraci\u00f3n, aplic\u00e1ndolas eficientemente en cada una de las \u00e1reas vitales de tu negocio.<\/p>\n<p><strong>A lo largo del curso, aprender\u00e1s a:<\/strong><\/p>\n<ol>\n<li>Reconocer las 4 funciones fundamentales de la administraci\u00f3n: La planificaci\u00f3n, la organizaci\u00f3n, la direcci\u00f3n y el control son esenciales para dirigir con \u00e9xito cualquier tipo de negocio.<\/li>\n<li>Aplicar la administraci\u00f3n en cada una de las 7 \u00e1reas del negocio: Descubre c\u00f3mo la administraci\u00f3n puede optimizar cada aspecto de tu empresa, desde la producci\u00f3n hasta las finanzas.<\/li>\n<li>Comprender las leyes b\u00e1sicas y pilares de la administraci\u00f3n: Adquiere un conocimiento s\u00f3lido sobre las bases te\u00f3ricas de la administraci\u00f3n, que te permitir\u00e1n tomar decisiones m\u00e1s acertadas en tu negocio.<\/li>\n<li>Optimizar los recursos fundamentales del emprendimiento: Aprende a utilizar de manera efectiva tus recursos para maximizar los beneficios y el crecimiento de tu negocio.<\/li>\n<\/ol>\n<p><strong>Este curso est\u00e1 dirigido a:<\/strong><\/p>\n<ul>\n<li>Emprendedores en funcionamiento que desean mejorar su gesti\u00f3n empresarial.<\/li>\n<li>Emprendedores iniciales e intermedios que buscan fortalecer sus habilidades administrativas.<\/li>\n<li>Emprendedores que est\u00e1n a cargo de la gesti\u00f3n de sus negocios y quieren hacerlo de manera m\u00e1s eficiente.<\/li>\n<li>Personas que desean emprender y hacerlo con una base s\u00f3lida de administraci\u00f3n de negocios desde el principio.<\/li>\n<\/ul>\n<p>Te espera un viaje de aprendizaje lleno de conocimientos pr\u00e1cticos y aplicables que te ayudar\u00e1n a lleva<\/p>\n<p><strong>Incluye<\/strong><\/p>\n<ul>\n<li style=\"list-style-type: none;\">\n<ul>\n<li>2 M\u00f3dulos: M\u00f3dulo 1: Administraci\u00f3n General (5 Lecciones) \u00a0M\u00f3dulo 2: Que Administramos (4 Lecciones).<\/li>\n<li>Material de Apoyo Descargable<\/li>\n<li>Asistencia de Consultas con Tutor<\/li>\n<li>Libre Navegaci\u00f3n y Revisi\u00f3n de las Lecciones.<\/li>\n<\/ul>\n<\/li>\n<\/ul>\n","protected":false},"excerpt":{"rendered":"<p>Nuestro curso &#8220;Administraci\u00f3n de Negocios&#8221; es una gu\u00eda esencial para aquellos que buscan dominar el arte de la gesti\u00f3n eficiente. No solo te ense\u00f1aremos a organizar tareas, sino tambi\u00e9n a planificarlas de manera efectiva y a gestionar tu tiempo de manera eficiente. \u00bfNecesitas contratar m\u00e1s personal o mejorar tus habilidades en nuevas \u00e1reas? Este curso te proporcionar\u00e1 las herramientas y el conocimiento que necesitas para tomar decisiones informadas y convertirte en el CEO exitoso de tu emprendimiento. Si est\u00e1s empezando tu negocio o buscas solucionar desorden en tu administraci\u00f3n, este curso es ideal para ti. Convi\u00e9rtete en el gestor eficaz que tu negocio necesita con nuestro curso &#8220;Administraci\u00f3n de Negocios&#8221;.<\/p>\n","protected":false},"featured_media":808,"comment_status":"open","ping_status":"closed","template":"","meta":[],"product_cat":[46],"product_tag":[],"class_list":["post-765","product","type-product","status-publish","has-post-thumbnail","hentry","product_cat-emprendiendo-desde-cero"],"_links":{"self":[{"href":"https:\/\/finaccion.cl\/academia\/wp-json\/wp\/v2\/product\/765","targetHints":{"allow":["GET"]}}],"collection":[{"href":"https:\/\/finaccion.cl\/academia\/wp-json\/wp\/v2\/product"}],"about":[{"href":"https:\/\/finaccion.cl\/academia\/wp-json\/wp\/v2\/types\/product"}],"replies":[{"embeddable":true,"href":"https:\/\/finaccion.cl\/academia\/wp-json\/wp\/v2\/comments?post=765"}],"wp:featuredmedia":[{"embeddable":true,"href":"https:\/\/finaccion.cl\/academia\/wp-json\/wp\/v2\/media\/808"}],"wp:attachment":[{"href":"https:\/\/finaccion.cl\/academia\/wp-json\/wp\/v2\/media?parent=765"}],"wp:term":[{"taxonomy":"product_cat","embeddable":true,"href":"https:\/\/finaccion.cl\/academia\/wp-json\/wp\/v2\/product_cat?post=765"},{"taxonomy":"product_tag","embeddable":true,"href":"https:\/\/finaccion.cl\/academia\/wp-json\/wp\/v2\/product_tag?post=765"}],"curies":[{"name":"wp","href":"https:\/\/api.w.org\/{rel}","templated":true}]}}