{"id":595,"date":"2023-05-22T20:59:37","date_gmt":"2023-05-22T20:59:37","guid":{"rendered":"https:\/\/finaccion.cl\/academia\/?post_type=product&#038;p=595"},"modified":"2023-11-13T11:48:16","modified_gmt":"2023-11-13T15:48:16","slug":"todo-para-emprender-desde-cero","status":"publish","type":"product","link":"https:\/\/finaccion.cl\/academia\/product\/todo-para-emprender-desde-cero\/","title":{"rendered":"Todo para emprender desde cero"},"content":{"rendered":"<p>El paquete &#8220;Emprende Desde Cero&#8221; se dise\u00f1\u00f3 con la finalidad de brindar a los emprendedores una base s\u00f3lida en \u00e1reas clave del negocio. Este paquete integral proporciona los fundamentos de contabilidad, finanzas, administraci\u00f3n, y gesti\u00f3n de precios y costos, proporcion\u00e1ndote las herramientas y habilidades necesarias para tomar decisiones informadas y estrat\u00e9gicas.<\/p>\n<p>Este paquete de cursos abarca desde las bases de la contabilidad hasta la gesti\u00f3n financiera, pasando por la fijaci\u00f3n de precios y la evaluaci\u00f3n de costos. Los cursos est\u00e1n dise\u00f1ados para proporcionarte una visi\u00f3n completa y pr\u00e1ctica del negocio, ayud\u00e1ndote a establecer, operar y crecer tu negocio de manera eficiente y rentable.<\/p>\n<p><strong>Qu\u00e9 aprender\u00e1s:<\/strong><\/p>\n<ol>\n<li><em><strong>Contabilidad 1: Contabilidad B\u00e1sica<\/strong><\/em><\/li>\n<li><em><strong>Contabilidad 2: Libros Reglamentarios<\/strong><\/em><\/li>\n<li><em><strong>Aprendamos de Costos<\/strong><\/em><\/li>\n<li><em><strong>Como Establecer tus Precios<\/strong><\/em><\/li>\n<li><em><strong>Separar las Finanzas Personales de las del Negocio<\/strong><\/em><\/li>\n<li><em><strong>\u00bfComo Comenzar Tu Negocio? \u00a1Formalizate!<\/strong><\/em><\/li>\n<li><em><strong>Administraci\u00f3n de Negocios<\/strong><\/em><\/li>\n<\/ol>\n<p>Cada curso se ha cuidadosamente seleccionado para proporcionarte una comprensi\u00f3n completa y pr\u00e1ctica en cada una de las \u00e1reas claves del negocio. Te brindar\u00e1n los conocimientos necesarios para establecer y mantener un negocio exitoso, independientemente del sector o tama\u00f1o de tu emprendimiento.<\/p>\n<p>\u00bfPara qui\u00e9n es este paquete?<\/p>\n<p><strong>Este paquete es ideal para:<\/strong><\/p>\n<ul>\n<li>Emprendedores que est\u00e1n comenzando y buscan una comprensi\u00f3n s\u00f3lida de la gesti\u00f3n empresarial.<\/li>\n<li>Emprendedores que ya han empezado pero desean fortalecer sus conocimientos en \u00e1reas espec\u00edficas como contabilidad, finanzas, administraci\u00f3n, precios y costos.<\/li>\n<li>Personas que est\u00e1n considerando emprender y desean comenzar con una base s\u00f3lida y un entendimiento claro de los aspectos fundamentales del negocio.<\/li>\n<\/ul>\n<p>Si est\u00e1s buscando una manera eficiente de mejorar tus habilidades y conocimientos en estas \u00e1reas cr\u00edticas del negocio, el paquete &#8220;Emprende con \u00c9xito&#8221; es la soluci\u00f3n perfecta para ti.<\/p>\n","protected":false},"excerpt":{"rendered":"<p>Empieza tu viaje emprendedor con una base s\u00f3lida con nuestro pack &#8220;Emprende con \u00c9xito&#8221;. Este paquete integral te ofrece los fundamentos esenciales de contabilidad, finanzas, administraci\u00f3n, y gesti\u00f3n de precios y costos. Aprender\u00e1s las habilidades clave para establecer, operar y crecer tu negocio de manera eficiente y rentable. Adecuado tanto para emprendedores incipientes como para aquellos que buscan fortalecer su conocimiento y habilidades en estas \u00e1reas cr\u00edticas del negocio.<\/p>\n","protected":false},"featured_media":887,"comment_status":"open","ping_status":"closed","template":"","meta":[],"product_cat":[59],"product_tag":[],"class_list":["post-595","product","type-product","status-publish","has-post-thumbnail","hentry","product_cat-programas"],"_links":{"self":[{"href":"https:\/\/finaccion.cl\/academia\/wp-json\/wp\/v2\/product\/595","targetHints":{"allow":["GET"]}}],"collection":[{"href":"https:\/\/finaccion.cl\/academia\/wp-json\/wp\/v2\/product"}],"about":[{"href":"https:\/\/finaccion.cl\/academia\/wp-json\/wp\/v2\/types\/product"}],"replies":[{"embeddable":true,"href":"https:\/\/finaccion.cl\/academia\/wp-json\/wp\/v2\/comments?post=595"}],"wp:featuredmedia":[{"embeddable":true,"href":"https:\/\/finaccion.cl\/academia\/wp-json\/wp\/v2\/media\/887"}],"wp:attachment":[{"href":"https:\/\/finaccion.cl\/academia\/wp-json\/wp\/v2\/media?parent=595"}],"wp:term":[{"taxonomy":"product_cat","embeddable":true,"href":"https:\/\/finaccion.cl\/academia\/wp-json\/wp\/v2\/product_cat?post=595"},{"taxonomy":"product_tag","embeddable":true,"href":"https:\/\/finaccion.cl\/academia\/wp-json\/wp\/v2\/product_tag?post=595"}],"curies":[{"name":"wp","href":"https:\/\/api.w.org\/{rel}","templated":true}]}}