{"id":594,"date":"2023-05-22T20:29:40","date_gmt":"2023-05-22T20:29:40","guid":{"rendered":"https:\/\/finaccion.cl\/academia\/?post_type=product&#038;p=594"},"modified":"2023-06-29T01:49:52","modified_gmt":"2023-06-29T01:49:52","slug":"separar-las-finanzas-personales-de-las-del-negocio","status":"publish","type":"product","link":"https:\/\/finaccion.cl\/academia\/product\/separar-las-finanzas-personales-de-las-del-negocio\/","title":{"rendered":"Separar las Finanzas Personales de las del Negocio"},"content":{"rendered":"<p>Este innovador curso online de autoaprendizaje te guiar\u00e1 en el crucial proceso de separar tus finanzas personales de las de tu negocio, una habilidad esencial para todo emprendedor exitoso.<\/p>\n<ol>\n<li><strong>Errores comunes en finanzas<\/strong>: Obt\u00e9n un profundo entendimiento de los errores m\u00e1s comunes que los emprendedores cometen en finanzas y aprende a evitarlos para mantener un control efectivo de tu capital.<\/li>\n<li><strong>Razones para separar las finanzas<\/strong>: Descubre por qu\u00e9 es tan importante mantener separadas las finanzas personales de las del negocio, y c\u00f3mo esta separaci\u00f3n puede aumentar la eficiencia y rentabilidad de tu emprendimiento.<\/li>\n<li><strong>Pasos para separar las finanzas<\/strong>: Te proporcionamos un gu\u00eda paso a paso para realizar de manera exitosa la separaci\u00f3n de tus finanzas, estableciendo los fundamentos para una administraci\u00f3n financiera s\u00f3lida.<\/li>\n<li><strong>H\u00e1bitos para el \u00e9xito financiero<\/strong>: Aprender\u00e1s los h\u00e1bitos fundamentales que te permitir\u00e1n alcanzar tus objetivos financieros, dando lugar a un crecimiento sostenible y rentable de tu negocio.<\/li>\n<\/ol>\n<p><strong>\u00bfPara qui\u00e9n es este curso?<\/strong><\/p>\n<p>Este curso est\u00e1 dise\u00f1ado para emprendedores iniciales, aquellos que est\u00e1n experimentando dificultades financieras, y para cualquier persona que est\u00e9 considerando emprender y quiera hacerlo con una base financiera s\u00f3lida desde el principio. Aprovecha esta oportunidad para fortalecer tus habilidades financieras y da un paso adelante en tu camino al \u00e9xito.<\/p>\n<p><strong>Incluye<\/strong><\/p>\n<ul>\n<li style=\"list-style-type: none;\">\n<ul>\n<li>2 M\u00f3dulos: M\u00f3dulo 1: \u00bfPorque Separar Finanzas Personales de las del Negocio? (4 Lecciones) \u00a0M\u00f3dulo 2: Conocimiento de Herramientas Financieras (2 Lecciones).<\/li>\n<li>2 Bonus Class.<\/li>\n<li>Material de Apoyo Descargable<\/li>\n<li>\u00a0Asistencia de Consultas con Tutor<\/li>\n<li>Libre Navegaci\u00f3n y Revisi\u00f3n de las Lecciones.<\/li>\n<\/ul>\n<\/li>\n<\/ul>\n","protected":false},"excerpt":{"rendered":"<p>La habilidad para mantener las finanzas personales y del negocio separadas es vital para el \u00e9xito de cualquier emprendimiento. Este curso en l\u00ednea y aut\u00f3nomo te equipar\u00e1 con el conocimiento esencial para evitar los errores comunes que cometen los emprendedores en finanzas, y te guiar\u00e1 paso a paso para establecer una divisi\u00f3n clara y efectiva. Aprovecha la flexibilidad de aprender a tu propio ritmo y mejora la rentabilidad de tu vida personal y de tu emprendimiento.<\/p>\n","protected":false},"featured_media":807,"comment_status":"open","ping_status":"closed","template":"","meta":[],"product_cat":[46],"product_tag":[],"class_list":["post-594","product","type-product","status-publish","has-post-thumbnail","hentry","product_cat-emprendiendo-desde-cero"],"_links":{"self":[{"href":"https:\/\/finaccion.cl\/academia\/wp-json\/wp\/v2\/product\/594","targetHints":{"allow":["GET"]}}],"collection":[{"href":"https:\/\/finaccion.cl\/academia\/wp-json\/wp\/v2\/product"}],"about":[{"href":"https:\/\/finaccion.cl\/academia\/wp-json\/wp\/v2\/types\/product"}],"replies":[{"embeddable":true,"href":"https:\/\/finaccion.cl\/academia\/wp-json\/wp\/v2\/comments?post=594"}],"wp:featuredmedia":[{"embeddable":true,"href":"https:\/\/finaccion.cl\/academia\/wp-json\/wp\/v2\/media\/807"}],"wp:attachment":[{"href":"https:\/\/finaccion.cl\/academia\/wp-json\/wp\/v2\/media?parent=594"}],"wp:term":[{"taxonomy":"product_cat","embeddable":true,"href":"https:\/\/finaccion.cl\/academia\/wp-json\/wp\/v2\/product_cat?post=594"},{"taxonomy":"product_tag","embeddable":true,"href":"https:\/\/finaccion.cl\/academia\/wp-json\/wp\/v2\/product_tag?post=594"}],"curies":[{"name":"wp","href":"https:\/\/api.w.org\/{rel}","templated":true}]}}