{"id":592,"date":"2023-05-22T20:19:37","date_gmt":"2023-05-22T20:19:37","guid":{"rendered":"https:\/\/finaccion.cl\/academia\/?post_type=product&#038;p=592"},"modified":"2023-11-13T11:45:39","modified_gmt":"2023-11-13T15:45:39","slug":"aprende-costos-para-tu-negocio","status":"publish","type":"product","link":"https:\/\/finaccion.cl\/academia\/product\/aprende-costos-para-tu-negocio\/","title":{"rendered":"Aprende costos para tu negocio"},"content":{"rendered":"<p>Este curso asincr\u00f3nico te ofrece la flexibilidad de adquirir una s\u00f3lida comprensi\u00f3n de los costos en tu negocio a tu propio ritmo. Aprovecha esta oportunidad para:<\/p>\n<ul>\n<li><strong>Explorar la Estructura de Costos Empresarial:<\/strong> Aprende a calcular y entender profundamente la estructura de costos de tu emprendimiento, un pilar esencial en la rentabilidad del negocio.<\/li>\n<li><strong>Clasificar Costos de Forma Efectiva:<\/strong> Descubre la importancia de los costos fijos, variables, directos e indirectos. Comprende c\u00f3mo estos costos interact\u00faan en tu negocio y c\u00f3mo manejarlos adecuadamente para mejorar la salud financiera de tu emprendimiento.<\/li>\n<li><strong>Entender tus Costos de Producci\u00f3n y de Venta:<\/strong> Desarrolla una comprensi\u00f3n completa de tus costos de producci\u00f3n y venta. Convierte estos conceptos en una valiosa herramienta para la gesti\u00f3n eficaz de tu negocio.<\/li>\n<li><strong>Calcular los M\u00e1rgenes de Forma Correcta:<\/strong> Aprende c\u00f3mo calcular los m\u00e1rgenes correctamente. Una habilidad esencial para la planificaci\u00f3n financiera y la toma de decisiones estrat\u00e9gicas.<\/li>\n<li><strong>Determinar tu Propia Estructura de Costos:<\/strong> Utiliza lo aprendido en este curso para determinar tu propia estructura de costos. Identifica las \u00e1reas de ahorro potencial y las oportunidades para maximizar las ganancias.<\/li>\n<\/ul>\n<p>Este curso est\u00e1 dise\u00f1ado especialmente para:<\/p>\n<ul>\n<li>Emprendedores que est\u00e1n iniciando su camino y quieren hacer las cosas bien desde el comienzo.<\/li>\n<li>Emprendedores que est\u00e1n enfrentando problemas con la estructura de costos en la actualidad y necesitan soluciones efectivas.<\/li>\n<li>Cualquier persona que est\u00e9 pensando en emprender y quiere estar bien equipada con conocimientos financieros esenciales.<\/li>\n<\/ul>\n<p>\u00a1Te esperamos! Aprovecha este curso asincr\u00f3nico para hacer crecer tu negocio de forma rentable y sostenible.<\/p>\n<p>&nbsp;<\/p>\n<p><strong>Incluye<\/strong><\/p>\n<ul>\n<li style=\"list-style-type: none;\">\n<ul>\n<li>2 M\u00f3dulos: M\u00f3dulo 1: Estructura de Costos (3 Lecciones) \u00a0M\u00f3dulo 2: Aplicando Conocimiento (4 Lecciones)<\/li>\n<li>2 Lecciones de Ejercicios Explicados<\/li>\n<li>Material de Apoyo Descargable<\/li>\n<li>Asistencia de Consultas con Tutor<\/li>\n<li>Libre Navegaci\u00f3n y Revisi\u00f3n de las Lecciones.<\/li>\n<\/ul>\n<\/li>\n<\/ul>\n","protected":false},"excerpt":{"rendered":"<p>Descubre c\u00f3mo calcular y entender la estructura de costos de tu emprendimiento con nuestro curso &#8220;Aprendamos de Costos&#8221;. Adquiere habilidades para analizar tus precios, optimizar tu producci\u00f3n y mejorar la rentabilidad de tus productos o servicios. Este curso te brindar\u00e1 herramientas para tomar decisiones informadas y mejorar tu gesti\u00f3n comercial de manera efectiva.<\/p>\n<p>Este es un curso asincr\u00f3nico, lo que te permite aprender a tu ritmo, en tu horario y desde cualquier lugar. Aprovecha este recurso flexible y potente para impulsar tu \u00e9xito comercial. \u00a1Esperamos verte pronto en el curso!<\/p>\n","protected":false},"featured_media":805,"comment_status":"open","ping_status":"closed","template":"","meta":[],"product_cat":[46],"product_tag":[],"class_list":["post-592","product","type-product","status-publish","has-post-thumbnail","hentry","product_cat-emprendiendo-desde-cero"],"_links":{"self":[{"href":"https:\/\/finaccion.cl\/academia\/wp-json\/wp\/v2\/product\/592","targetHints":{"allow":["GET"]}}],"collection":[{"href":"https:\/\/finaccion.cl\/academia\/wp-json\/wp\/v2\/product"}],"about":[{"href":"https:\/\/finaccion.cl\/academia\/wp-json\/wp\/v2\/types\/product"}],"replies":[{"embeddable":true,"href":"https:\/\/finaccion.cl\/academia\/wp-json\/wp\/v2\/comments?post=592"}],"wp:featuredmedia":[{"embeddable":true,"href":"https:\/\/finaccion.cl\/academia\/wp-json\/wp\/v2\/media\/805"}],"wp:attachment":[{"href":"https:\/\/finaccion.cl\/academia\/wp-json\/wp\/v2\/media?parent=592"}],"wp:term":[{"taxonomy":"product_cat","embeddable":true,"href":"https:\/\/finaccion.cl\/academia\/wp-json\/wp\/v2\/product_cat?post=592"},{"taxonomy":"product_tag","embeddable":true,"href":"https:\/\/finaccion.cl\/academia\/wp-json\/wp\/v2\/product_tag?post=592"}],"curies":[{"name":"wp","href":"https:\/\/api.w.org\/{rel}","templated":true}]}}