{"id":591,"date":"2023-05-22T20:17:06","date_gmt":"2023-05-22T20:17:06","guid":{"rendered":"https:\/\/finaccion.cl\/academia\/?post_type=product&#038;p=591"},"modified":"2023-11-13T11:47:46","modified_gmt":"2023-11-13T15:47:46","slug":"establece-lus-mejores-precios","status":"publish","type":"product","link":"https:\/\/finaccion.cl\/academia\/product\/establece-lus-mejores-precios\/","title":{"rendered":"Establece los mejores Precios"},"content":{"rendered":"<p><strong>Qu\u00e9 aprender\u00e1s:<\/strong><\/p>\n<ul>\n<li><strong>Ecuaci\u00f3n b\u00e1sica del precio:<\/strong> Comprender\u00e1s los elementos fundamentales que influyen en la fijaci\u00f3n de precios, estableciendo una base s\u00f3lida para tu estrategia de precios.<\/li>\n<li><strong>Factores que afectan al precio:<\/strong> Aprender\u00e1s los diversos factores internos y externos que pueden afectar el precio de tus productos o servicios.<\/li>\n<li><strong>Diferenciaci\u00f3n de Precios:<\/strong> Descubrir\u00e1s t\u00e9cnicas de diferenciaci\u00f3n de precios que te permitir\u00e1n maximizar tus ganancias y satisfacer diferentes segmentos de mercado.<\/li>\n<li><strong>Costo de adquisici\u00f3n de clientes:<\/strong> Entender\u00e1s c\u00f3mo calcular el costo de adquisici\u00f3n de clientes y c\u00f3mo este factor puede influir en tu estrategia de precios.<\/li>\n<li><strong>Ofertas y liquidaciones:<\/strong> Te familiarizar\u00e1s con las estrategias de ofertas y liquidaciones, y c\u00f3mo usarlas de manera efectiva para impulsar las ventas sin sacrificar la rentabilidad.<\/li>\n<li><strong>Estructura de Costos base:<\/strong> Profundizar\u00e1s en c\u00f3mo los costos fijos y variables impactan en tus precios y la importancia de tener una clara estructura de costos.<\/li>\n<li><strong>Costos de Venta y producci\u00f3n:<\/strong> Aprender\u00e1s a identificar y contabilizar correctamente todos tus costos de venta y producci\u00f3n.<\/li>\n<li><strong>M\u00e1rgenes de contribuci\u00f3n:<\/strong> Descubrir\u00e1s la importancia de los m\u00e1rgenes de contribuci\u00f3n para garantizar la rentabilidad de cada producto o servicio que ofrezcas.<\/li>\n<\/ul>\n<p><strong>\u00bfPara qui\u00e9nes es este curso?<\/strong><\/p>\n<p>Este curso es ideal para:<\/p>\n<ul>\n<li>Emprendedores iniciales que buscan establecer una estrategia de precios efectiva.<\/li>\n<li>Emprendedores que ya enfrentan desaf\u00edos con su estrategia de precios y buscan soluciones.<\/li>\n<li>Personas que planean emprender y quieren entender c\u00f3mo fijar sus precios desde el principio.<\/li>\n<\/ul>\n<p>Aprovecha la flexibilidad de este curso asincr\u00f3nico para aprender a tu propio ritmo y maximizar tus habilidades de precificaci\u00f3n.<\/p>\n<p><strong>Incluye<\/strong><\/p>\n<ul>\n<li style=\"list-style-type: none;\">\n<ul>\n<li>2 M\u00f3dulos: M\u00f3dulo 1: Comencemos a Establecer Precios (2 Lecciones) \u00a0M\u00f3dulo 2: Respecta la Ecuaci\u00f3n de Precios (3 Lecciones)<\/li>\n<li>Bonus Class para el Emprendedor<\/li>\n<li>Material de Apoyo Descargable<\/li>\n<li>\u00a0Asistencia de Consultas con Tutor<\/li>\n<li>Libre Navegaci\u00f3n y Revisi\u00f3n de las Lecciones.<\/li>\n<\/ul>\n<\/li>\n<\/ul>\n","protected":false},"excerpt":{"rendered":"<p>A trav\u00e9s de nuestro curso online &#8220;Como Establecer tus Precios&#8221;, podr\u00e1s adquirir un entendimiento profundo de la ecuaci\u00f3n b\u00e1sica del precio, que podr\u00e1s aplicar directamente en tu emprendimiento. Aprender\u00e1s a evaluar si tus precios actuales est\u00e1n optimizando las ganancias de tu negocio y a identificar estrategias para mejorar la rentabilidad. Todo ello orientado a fortalecer tu toma de decisiones y acelerar tu crecimiento en la gesti\u00f3n comercial. Aprovecha la flexibilidad de este curso y comienza a impulsar tus ganancias con cada venta. \u00a1Te esperamos!<\/p>\n","protected":false},"featured_media":806,"comment_status":"open","ping_status":"closed","template":"","meta":[],"product_cat":[46],"product_tag":[],"class_list":["post-591","product","type-product","status-publish","has-post-thumbnail","hentry","product_cat-emprendiendo-desde-cero"],"_links":{"self":[{"href":"https:\/\/finaccion.cl\/academia\/wp-json\/wp\/v2\/product\/591","targetHints":{"allow":["GET"]}}],"collection":[{"href":"https:\/\/finaccion.cl\/academia\/wp-json\/wp\/v2\/product"}],"about":[{"href":"https:\/\/finaccion.cl\/academia\/wp-json\/wp\/v2\/types\/product"}],"replies":[{"embeddable":true,"href":"https:\/\/finaccion.cl\/academia\/wp-json\/wp\/v2\/comments?post=591"}],"wp:featuredmedia":[{"embeddable":true,"href":"https:\/\/finaccion.cl\/academia\/wp-json\/wp\/v2\/media\/806"}],"wp:attachment":[{"href":"https:\/\/finaccion.cl\/academia\/wp-json\/wp\/v2\/media?parent=591"}],"wp:term":[{"taxonomy":"product_cat","embeddable":true,"href":"https:\/\/finaccion.cl\/academia\/wp-json\/wp\/v2\/product_cat?post=591"},{"taxonomy":"product_tag","embeddable":true,"href":"https:\/\/finaccion.cl\/academia\/wp-json\/wp\/v2\/product_tag?post=591"}],"curies":[{"name":"wp","href":"https:\/\/api.w.org\/{rel}","templated":true}]}}