{"id":590,"date":"2023-05-22T20:16:24","date_gmt":"2023-05-22T20:16:24","guid":{"rendered":"https:\/\/finaccion.cl\/academia\/?post_type=product&#038;p=590"},"modified":"2025-11-24T15:45:37","modified_gmt":"2025-11-24T19:45:37","slug":"contabilidad-basica-parte-2","status":"publish","type":"product","link":"https:\/\/finaccion.cl\/academia\/product\/contabilidad-basica-parte-2\/","title":{"rendered":"Contabilidad 2: Libros Reglamentarios"},"content":{"rendered":"<p><strong>Qu\u00e9 aprender\u00e1s:<\/strong><\/p>\n<p>En nuestro curso online &#8220;Contabilidad 2: Libros Reglamentarios&#8221;, explorar\u00e1s temas esenciales como:<\/p>\n<ul>\n<li>El entendimiento profundo de la contabilidad simplificada y conceptos clave.<\/li>\n<li>Una visi\u00f3n general de los beneficios de los Reg\u00edmenes Tributarios Pro-pyme general y transparente.<\/li>\n<li>La pr\u00e1ctica y comprensi\u00f3n del llenado del Libro de caja.<\/li>\n<li>El manejo efectivo y correcto llenado del Libro de ingresos y egresos.<\/li>\n<\/ul>\n<p><strong>Este curso est\u00e1 dise\u00f1ado especialmente para:<\/strong><\/p>\n<ul>\n<li>Emprendedores iniciales o del r\u00e9gimen Pro-pyme transparente 14 Dn\u00b08.<\/li>\n<li>Emprendedores del r\u00e9gimen Pro-pyme General 14 DN\u00b03 que solicitaron contabilidad Simplificada.<\/li>\n<li>Emprendedores que buscan soluciones a problemas contables existentes.<\/li>\n<li>Personas que aspiran a emprender con un entendimiento s\u00f3lido de la contabilidad desde el comienzo.<\/li>\n<\/ul>\n<p>Adquiere las habilidades contables que necesitas, en tu propio tiempo, y a tu ritmo, con nuestro curso en l\u00ednea &#8220;Contabilidad 2: Libros Reglamentarios&#8221;.<\/p>\n<p><strong>Incluye<\/strong><\/p>\n<ul>\n<li style=\"list-style-type: none;\">\n<ul>\n<li>3 M\u00f3dulos: M\u00f3dulo 1: Secuencia Contable (2 Lecciones) \u00a0M\u00f3dulo 2: RCV e Impuestos (3 Lecciones) M\u00f3dulo 3: Contabilidad Simplificada y Completa (3 Lecciones).<\/li>\n<li>Material de Apoyo Descargable.<\/li>\n<li>Asistencia de Consultas con Tutor.<\/li>\n<li>Libre Navegaci\u00f3n y Revisi\u00f3n de las Lecciones.<\/li>\n<\/ul>\n<\/li>\n<\/ul>\n","protected":false},"excerpt":{"rendered":"<p>Sum\u00e9rgete en la comprensi\u00f3n de la contabilidad simplificada con nuestro curso en l\u00ednea &#8220;Contabilidad 2: Libros Reglamentarios&#8221;. Ya sea que decidas manejar tu propia contabilidad o externalizar el servicio, este curso te proporcionar\u00e1 el conocimiento para hacerlo de manera efectiva. Te equiparemos con &#8220;Tips&#8221; esenciales para que la contabilidad se convierta en una poderosa herramienta de gesti\u00f3n financiera para ti y tu negocio. Aprende a tu ritmo, revista las lecciones cuando lo necesites y domina tus obligaciones financieras con este curso interactivo. \u00a1Es hora de llevar tus habilidades financieras al siguiente nivel!<\/p>\n","protected":false},"featured_media":803,"comment_status":"open","ping_status":"closed","template":"","meta":[],"product_cat":[46],"product_tag":[],"class_list":["post-590","product","type-product","status-publish","has-post-thumbnail","hentry","product_cat-emprendiendo-desde-cero"],"_links":{"self":[{"href":"https:\/\/finaccion.cl\/academia\/wp-json\/wp\/v2\/product\/590","targetHints":{"allow":["GET"]}}],"collection":[{"href":"https:\/\/finaccion.cl\/academia\/wp-json\/wp\/v2\/product"}],"about":[{"href":"https:\/\/finaccion.cl\/academia\/wp-json\/wp\/v2\/types\/product"}],"replies":[{"embeddable":true,"href":"https:\/\/finaccion.cl\/academia\/wp-json\/wp\/v2\/comments?post=590"}],"wp:featuredmedia":[{"embeddable":true,"href":"https:\/\/finaccion.cl\/academia\/wp-json\/wp\/v2\/media\/803"}],"wp:attachment":[{"href":"https:\/\/finaccion.cl\/academia\/wp-json\/wp\/v2\/media?parent=590"}],"wp:term":[{"taxonomy":"product_cat","embeddable":true,"href":"https:\/\/finaccion.cl\/academia\/wp-json\/wp\/v2\/product_cat?post=590"},{"taxonomy":"product_tag","embeddable":true,"href":"https:\/\/finaccion.cl\/academia\/wp-json\/wp\/v2\/product_tag?post=590"}],"curies":[{"name":"wp","href":"https:\/\/api.w.org\/{rel}","templated":true}]}}