{"id":332,"date":"2023-05-18T14:22:54","date_gmt":"2023-05-18T14:22:54","guid":{"rendered":"https:\/\/finaccion.cl\/academia\/?post_type=product&#038;p=332"},"modified":"2023-11-13T12:30:31","modified_gmt":"2023-11-13T16:30:31","slug":"contabilidad-conceptos-basicos","status":"publish","type":"product","link":"https:\/\/finaccion.cl\/academia\/product\/contabilidad-conceptos-basicos\/","title":{"rendered":"Contabilidad 1: Conceptos B\u00e1sicos"},"content":{"rendered":"<p><strong>Qu\u00e9 Aprender\u00e1s en esta versi\u00f3n:<\/strong><\/p>\n<ol>\n<li style=\"list-style-type: none;\">\n<ol>\n<li>Manejo de tu contabilidad desde los primeros pasos de tu negocio.<\/li>\n<li>Entendimiento de la secuencia contable a medida que tu emprendimiento crece.<\/li>\n<li>Conocimiento de las obligaciones tributarias mensuales y anuales como emprendedor.<\/li>\n<li>Claves para colaborar eficientemente con tu contador.<\/li>\n<\/ol>\n<\/li>\n<\/ol>\n<p><strong>Este curso en l\u00ednea de Contabilidad B\u00e1sica es perfecto para:<\/strong><\/p>\n<ol>\n<li style=\"list-style-type: none;\">\n<ol>\n<li>Emprendedores en las primeras etapas de su negocio.<\/li>\n<li>Emprendedores que se enfrentan a desaf\u00edos contables.<\/li>\n<li>Individuos con planes de emprender y desean tener un inicio s\u00f3lido en aspectos contables.<\/li>\n<\/ol>\n<\/li>\n<\/ol>\n<p>Con la comodidad de aprender a tu ritmo, este curso te ofrece la oportunidad de revisar los m\u00f3dulos seg\u00fan tus necesidades y tiempos. Nuestra plataforma digital te proporcionar\u00e1 una experiencia de aprendizaje flexible y accesible, permiti\u00e9ndote adquirir habilidades de contabilidad esenciales de manera eficiente y efectiva. \u00a1No esperes m\u00e1s, da el primer paso hacia la contabilidad aut\u00f3noma de tu negocio con nuestro curso de Contabilidad B\u00e1sica!<\/p>\n<p><strong>Incluye<\/strong><\/p>\n<ul>\n<li style=\"list-style-type: none;\">\n<ul>\n<li>2 M\u00f3dulos: M\u00f3dulo 1: Conceptos B\u00e1sicos (4 Lecciones) \u00a0M\u00f3dulo 2: Sistemas y Funcionamientos (4 Lecciones)<\/li>\n<li>Material de Apoyo Descargable<\/li>\n<li>\u00a0Asistencia de Consultas con Tutor<\/li>\n<li>Libre Navegaci\u00f3n y Revisi\u00f3n de las Lecciones.<\/li>\n<\/ul>\n<\/li>\n<\/ul>\n","protected":false},"excerpt":{"rendered":"<p>Este curso te permite adentrarte en la contabilidad de tu negocio desde cualquier lugar y en cualquier momento. Aprovecha esta oportunidad para aprender los fundamentos contables esenciales, recibir valiosos consejos y evitar errores frecuentes de otros emprendedores.<\/p>\n<p>Con la opci\u00f3n de revisar las lecciones tantas veces como lo necesites, tienes el control total sobre tu aprendizaje. Aprender\u00e1s a gestionar la contabilidad de tu negocio de manera efectiva y sabr\u00e1s qu\u00e9 esperar de tu contador en este 2023. \u00a1Inscr\u00edbete hoy y comienza a impulsar la salud financiera de tu negocio!<\/p>\n","protected":false},"featured_media":802,"comment_status":"open","ping_status":"closed","template":"","meta":[],"product_cat":[46],"product_tag":[],"class_list":["post-332","product","type-product","status-publish","has-post-thumbnail","hentry","product_cat-emprendiendo-desde-cero"],"_links":{"self":[{"href":"https:\/\/finaccion.cl\/academia\/wp-json\/wp\/v2\/product\/332","targetHints":{"allow":["GET"]}}],"collection":[{"href":"https:\/\/finaccion.cl\/academia\/wp-json\/wp\/v2\/product"}],"about":[{"href":"https:\/\/finaccion.cl\/academia\/wp-json\/wp\/v2\/types\/product"}],"replies":[{"embeddable":true,"href":"https:\/\/finaccion.cl\/academia\/wp-json\/wp\/v2\/comments?post=332"}],"wp:featuredmedia":[{"embeddable":true,"href":"https:\/\/finaccion.cl\/academia\/wp-json\/wp\/v2\/media\/802"}],"wp:attachment":[{"href":"https:\/\/finaccion.cl\/academia\/wp-json\/wp\/v2\/media?parent=332"}],"wp:term":[{"taxonomy":"product_cat","embeddable":true,"href":"https:\/\/finaccion.cl\/academia\/wp-json\/wp\/v2\/product_cat?post=332"},{"taxonomy":"product_tag","embeddable":true,"href":"https:\/\/finaccion.cl\/academia\/wp-json\/wp\/v2\/product_tag?post=332"}],"curies":[{"name":"wp","href":"https:\/\/api.w.org\/{rel}","templated":true}]}}