{"id":983,"date":"2023-06-29T02:10:16","date_gmt":"2023-06-29T02:10:16","guid":{"rendered":"https:\/\/finaccion.cl\/academia\/?page_id=983"},"modified":"2023-06-29T02:41:28","modified_gmt":"2023-06-29T02:41:28","slug":"programas-online","status":"publish","type":"page","link":"https:\/\/finaccion.cl\/academia\/programas-online\/","title":{"rendered":"Programas Online"},"content":{"rendered":"\t\t<div data-elementor-type=\"wp-page\" data-elementor-id=\"983\" class=\"elementor elementor-983\" data-elementor-post-type=\"page\">\n\t\t\t\t\t\t\t\t\t<section class=\"elementor-section elementor-top-section elementor-element elementor-element-174e586 elementor-section-stretched elementor-section-boxed elementor-section-height-default elementor-section-height-default\" data-id=\"174e586\" data-element_type=\"section\" data-settings=\"{&quot;stretch_section&quot;:&quot;section-stretched&quot;,&quot;background_background&quot;:&quot;classic&quot;}\">\n\t\t\t\t\t\t\t<div class=\"elementor-background-overlay\"><\/div>\n\t\t\t\t\t\t\t<div class=\"elementor-container elementor-column-gap-default\">\n\t\t\t\t\t<div class=\"elementor-column elementor-col-50 elementor-top-column elementor-element elementor-element-2e1f6dd9\" data-id=\"2e1f6dd9\" data-element_type=\"column\">\n\t\t\t<div class=\"elementor-widget-wrap elementor-element-populated\">\n\t\t\t\t\t\t\t\t<div class=\"elementor-element elementor-element-b97d777 elementor-widget elementor-widget-text-editor\" data-id=\"b97d777\" data-element_type=\"widget\" data-widget_type=\"text-editor.default\">\n\t\t\t\t<div class=\"elementor-widget-container\">\n\t\t\t<style>\/*! elementor - v3.17.0 - 08-11-2023 *\/\n.elementor-widget-text-editor.elementor-drop-cap-view-stacked .elementor-drop-cap{background-color:#69727d;color:#fff}.elementor-widget-text-editor.elementor-drop-cap-view-framed .elementor-drop-cap{color:#69727d;border:3px solid;background-color:transparent}.elementor-widget-text-editor:not(.elementor-drop-cap-view-default) .elementor-drop-cap{margin-top:8px}.elementor-widget-text-editor:not(.elementor-drop-cap-view-default) .elementor-drop-cap-letter{width:1em;height:1em}.elementor-widget-text-editor .elementor-drop-cap{float:left;text-align:center;line-height:1;font-size:50px}.elementor-widget-text-editor .elementor-drop-cap-letter{display:inline-block}<\/style>\t\t\t\t<p>Descubre nuestros innovadores programas online dise\u00f1ados para potenciar tus habilidades y conocimientos en diferentes \u00e1reas. Aprende a tu propio ritmo y desde cualquier lugar, accediendo a contenido actualizado y pr\u00e1ctico. Con nuestros programas, podr\u00e1s alcanzar tus metas profesionales y dar un impulso significativo a tu carrera. \u00a1Inscr\u00edbete ahora y prep\u00e1rate para el \u00e9xito!<\/p>\t\t\t\t\t\t<\/div>\n\t\t\t\t<\/div>\n\t\t\t\t\t<\/div>\n\t\t<\/div>\n\t\t\t\t<div class=\"elementor-column elementor-col-50 elementor-top-column elementor-element elementor-element-32900fe\" data-id=\"32900fe\" data-element_type=\"column\" data-settings=\"{&quot;background_background&quot;:&quot;classic&quot;}\">\n\t\t\t<div class=\"elementor-widget-wrap elementor-element-populated\">\n\t\t\t\t\t\t\t\t<div class=\"elementor-element elementor-element-edfc8f5 elementor-widget elementor-widget-image\" data-id=\"edfc8f5\" data-element_type=\"widget\" data-widget_type=\"image.default\">\n\t\t\t\t<div class=\"elementor-widget-container\">\n\t\t\t<style>\/*! elementor - v3.17.0 - 08-11-2023 *\/\n.elementor-widget-image{text-align:center}.elementor-widget-image a{display:inline-block}.elementor-widget-image a img[src$=\".svg\"]{width:48px}.elementor-widget-image img{vertical-align:middle;display:inline-block}<\/style>\t\t\t\t\t\t\t\t\t\t\t\t<img loading=\"lazy\" decoding=\"async\" width=\"640\" height=\"640\" src=\"https:\/\/finaccion.cl\/academia\/wp-content\/uploads\/2023\/05\/wsf-1024x1024.png\" class=\"attachment-large size-large wp-image-312\" alt=\"\" srcset=\"https:\/\/finaccion.cl\/academia\/wp-content\/uploads\/2023\/05\/wsf-1024x1024.png 1024w, https:\/\/finaccion.cl\/academia\/wp-content\/uploads\/2023\/05\/wsf-300x300.png 300w, https:\/\/finaccion.cl\/academia\/wp-content\/uploads\/2023\/05\/wsf-150x150.png 150w, https:\/\/finaccion.cl\/academia\/wp-content\/uploads\/2023\/05\/wsf-768x768.png 768w, https:\/\/finaccion.cl\/academia\/wp-content\/uploads\/2023\/05\/wsf-624x624.png 624w, https:\/\/finaccion.cl\/academia\/wp-content\/uploads\/2023\/05\/wsf-600x600.png 600w, https:\/\/finaccion.cl\/academia\/wp-content\/uploads\/2023\/05\/wsf-100x100.png 100w, https:\/\/finaccion.cl\/academia\/wp-content\/uploads\/2023\/05\/wsf.png 1080w\" sizes=\"auto, (max-width: 640px) 100vw, 640px\" \/>\t\t\t\t\t\t\t\t\t\t\t\t\t\t\t<\/div>\n\t\t\t\t<\/div>\n\t\t\t\t\t<\/div>\n\t\t<\/div>\n\t\t\t\t\t\t\t<\/div>\n\t\t<\/section>\n\t\t\t\t<section class=\"elementor-section elementor-top-section elementor-element elementor-element-b4e9212 elementor-section-boxed elementor-section-height-default elementor-section-height-default\" data-id=\"b4e9212\" data-element_type=\"section\">\n\t\t\t\t\t\t<div class=\"elementor-container elementor-column-gap-default\">\n\t\t\t\t\t<div class=\"elementor-column elementor-col-100 elementor-top-column elementor-element elementor-element-9f687de\" data-id=\"9f687de\" data-element_type=\"column\">\n\t\t\t<div class=\"elementor-widget-wrap elementor-element-populated\">\n\t\t\t\t\t\t\t\t<div class=\"elementor-element elementor-element-99d7429 elementor-widget elementor-widget-spacer\" data-id=\"99d7429\" data-element_type=\"widget\" data-widget_type=\"spacer.default\">\n\t\t\t\t<div class=\"elementor-widget-container\">\n\t\t\t<style>\/*! elementor - v3.17.0 - 08-11-2023 *\/\n.elementor-column .elementor-spacer-inner{height:var(--spacer-size)}.e-con{--container-widget-width:100%}.e-con-inner>.elementor-widget-spacer,.e-con>.elementor-widget-spacer{width:var(--container-widget-width,var(--spacer-size));--align-self:var(--container-widget-align-self,initial);--flex-shrink:0}.e-con-inner>.elementor-widget-spacer>.elementor-widget-container,.e-con>.elementor-widget-spacer>.elementor-widget-container{height:100%;width:100%}.e-con-inner>.elementor-widget-spacer>.elementor-widget-container>.elementor-spacer,.e-con>.elementor-widget-spacer>.elementor-widget-container>.elementor-spacer{height:100%}.e-con-inner>.elementor-widget-spacer>.elementor-widget-container>.elementor-spacer>.elementor-spacer-inner,.e-con>.elementor-widget-spacer>.elementor-widget-container>.elementor-spacer>.elementor-spacer-inner{height:var(--container-widget-height,var(--spacer-size))}.e-con-inner>.elementor-widget-spacer.elementor-widget-empty,.e-con>.elementor-widget-spacer.elementor-widget-empty{position:relative;min-height:22px;min-width:22px}.e-con-inner>.elementor-widget-spacer.elementor-widget-empty .elementor-widget-empty-icon,.e-con>.elementor-widget-spacer.elementor-widget-empty .elementor-widget-empty-icon{position:absolute;top:0;bottom:0;left:0;right:0;margin:auto;padding:0;width:22px;height:22px}<\/style>\t\t<div class=\"elementor-spacer\">\n\t\t\t<div class=\"elementor-spacer-inner\"><\/div>\n\t\t<\/div>\n\t\t\t\t<\/div>\n\t\t\t\t<\/div>\n\t\t\t\t<div class=\"elementor-element elementor-element-7635fa5 elementor-grid-3 elementor-grid-tablet-3 elementor-grid-mobile-2 elementor-products-grid elementor-wc-products elementor-widget elementor-widget-woocommerce-products\" data-id=\"7635fa5\" data-element_type=\"widget\" data-widget_type=\"woocommerce-products.default\">\n\t\t\t\t<div class=\"elementor-widget-container\">\n\t\t\t<link rel=\"stylesheet\" href=\"https:\/\/finaccion.cl\/academia\/wp-content\/plugins\/pro-elements\/assets\/css\/widget-woocommerce.min.css\"><div class=\"woocommerce columns-3 \"><ul class=\"products elementor-grid columns-3\">\n<li class=\"product type-product post-1153 status-publish first instock product_cat-programas has-post-thumbnail virtual sold-individually purchasable product-type-course\">\n\t<\/li>\n<li class=\"product type-product post-814 status-publish instock product_cat-programas has-post-thumbnail virtual sold-individually purchasable product-type-course\">\n\t<\/li>\n<li class=\"product type-product post-811 status-publish last instock product_cat-programas has-post-thumbnail virtual sold-individually purchasable product-type-course\">\n\t<\/li>\n<li class=\"product type-product post-595 status-publish first instock product_cat-programas has-post-thumbnail virtual sold-individually purchasable product-type-course\">\n\t<\/li>\n<\/ul>\n<\/div>\t\t<\/div>\n\t\t\t\t<\/div>\n\t\t\t\t<div class=\"elementor-element elementor-element-254a751 elementor-widget elementor-widget-spacer\" data-id=\"254a751\" data-element_type=\"widget\" data-widget_type=\"spacer.default\">\n\t\t\t\t<div class=\"elementor-widget-container\">\n\t\t\t\t\t<div class=\"elementor-spacer\">\n\t\t\t<div class=\"elementor-spacer-inner\"><\/div>\n\t\t<\/div>\n\t\t\t\t<\/div>\n\t\t\t\t<\/div>\n\t\t\t\t\t<\/div>\n\t\t<\/div>\n\t\t\t\t\t\t\t<\/div>\n\t\t<\/section>\n\t\t\t\t\t\t\t<\/div>\n\t\t","protected":false},"excerpt":{"rendered":"<p>Descubre nuestros innovadores programas online dise\u00f1ados para potenciar tus habilidades y conocimientos en diferentes \u00e1reas. Aprende a tu propio ritmo y desde cualquier lugar, accediendo&hellip;<\/p>\n","protected":false},"author":1,"featured_media":0,"parent":0,"menu_order":0,"comment_status":"closed","ping_status":"closed","template":"elementor_theme","meta":{"footnotes":""},"class_list":["post-983","page","type-page","status-publish","hentry"],"_links":{"self":[{"href":"https:\/\/finaccion.cl\/academia\/wp-json\/wp\/v2\/pages\/983","targetHints":{"allow":["GET"]}}],"collection":[{"href":"https:\/\/finaccion.cl\/academia\/wp-json\/wp\/v2\/pages"}],"about":[{"href":"https:\/\/finaccion.cl\/academia\/wp-json\/wp\/v2\/types\/page"}],"author":[{"embeddable":true,"href":"https:\/\/finaccion.cl\/academia\/wp-json\/wp\/v2\/users\/1"}],"replies":[{"embeddable":true,"href":"https:\/\/finaccion.cl\/academia\/wp-json\/wp\/v2\/comments?post=983"}],"version-history":[{"count":6,"href":"https:\/\/finaccion.cl\/academia\/wp-json\/wp\/v2\/pages\/983\/revisions"}],"predecessor-version":[{"id":991,"href":"https:\/\/finaccion.cl\/academia\/wp-json\/wp\/v2\/pages\/983\/revisions\/991"}],"wp:attachment":[{"href":"https:\/\/finaccion.cl\/academia\/wp-json\/wp\/v2\/media?parent=983"}],"curies":[{"name":"wp","href":"https:\/\/api.w.org\/{rel}","templated":true}]}}